{"id":130,"date":"2025-03-25T10:53:38","date_gmt":"2025-03-25T09:53:38","guid":{"rendered":"http:\/\/jeli.sr.epss.hu\/?page_id=130"},"modified":"2025-03-25T13:56:36","modified_gmt":"2025-03-25T12:56:36","slug":"acknowledgements","status":"publish","type":"page","link":"https:\/\/jeli.sr.epss.hu\/en\/acknowledgements\/","title":{"rendered":"K\u00f6sz\u00f6netnyilv\u00e1n\u00edt\u00e1s"},"content":{"rendered":"\n<h2 class=\"wp-block-heading\">K\u00f6sz\u00f6netnyilv\u00e1n\u00edt\u00e1s<\/h2>\n\n\n\n<p>K\u00f6sz\u00f6nj\u00fck a Szombathelyi Erd\u00e9szet Zrt. t\u00e1mogat\u00e1s\u00e1t \u00e9s hogy helyet biztos\u00edtottak a m\u00e9r\u00e9shez a Jeli Arbor\u00e9tumban. A m\u00e9r\u0151hely kialak\u00edt\u00e1sa az <a href=\"https:\/\/epss.hu\/~jbor\/Projektek\/Palyazat_OTKA_K138824_leiras_web.htm\" target=\"_blank\" rel=\"noreferrer noopener\">NKFIH OTKA K138824. sz. projektj\u00e9nek<\/a> keret\u00e9ben val\u00f3sult meg.<\/p>\n","protected":false},"excerpt":{"rendered":"<p>K\u00f6sz\u00f6netnyilv\u00e1n\u00edt\u00e1s K\u00f6sz\u00f6nj\u00fck a Szombathelyi Erd\u00e9szet Zrt. t\u00e1mogat\u00e1s\u00e1t \u00e9s hogy helyet biztos\u00edtottak a m\u00e9r\u00e9shez a Jeli Arbor\u00e9tumban. A m\u00e9r\u0151hely kialak\u00edt\u00e1sa az NKFIH OTKA K138824. sz. projektj\u00e9nek keret\u00e9ben val\u00f3sult meg.<\/p>\n","protected":false},"author":1,"featured_media":0,"parent":0,"menu_order":0,"comment_status":"closed","ping_status":"closed","template":"","meta":{"footnotes":""},"class_list":["post-130","page","type-page","status-publish","hentry"],"_links":{"self":[{"href":"https:\/\/jeli.sr.epss.hu\/en\/wp-json\/wp\/v2\/pages\/130","targetHints":{"allow":["GET"]}}],"collection":[{"href":"https:\/\/jeli.sr.epss.hu\/en\/wp-json\/wp\/v2\/pages"}],"about":[{"href":"https:\/\/jeli.sr.epss.hu\/en\/wp-json\/wp\/v2\/types\/page"}],"author":[{"embeddable":true,"href":"https:\/\/jeli.sr.epss.hu\/en\/wp-json\/wp\/v2\/users\/1"}],"replies":[{"embeddable":true,"href":"https:\/\/jeli.sr.epss.hu\/en\/wp-json\/wp\/v2\/comments?post=130"}],"version-history":[{"count":4,"href":"https:\/\/jeli.sr.epss.hu\/en\/wp-json\/wp\/v2\/pages\/130\/revisions"}],"predecessor-version":[{"id":173,"href":"https:\/\/jeli.sr.epss.hu\/en\/wp-json\/wp\/v2\/pages\/130\/revisions\/173"}],"wp:attachment":[{"href":"https:\/\/jeli.sr.epss.hu\/en\/wp-json\/wp\/v2\/media?parent=130"}],"curies":[{"name":"wp","href":"https:\/\/api.w.org\/{rel}","templated":true}]}}