{"id":128,"date":"2025-03-25T10:53:23","date_gmt":"2025-03-25T09:53:23","guid":{"rendered":"http:\/\/jeli.sr.epss.hu\/?page_id=128"},"modified":"2025-03-31T11:12:01","modified_gmt":"2025-03-31T09:12:01","slug":"contact-impressum","status":"publish","type":"page","link":"https:\/\/jeli.sr.epss.hu\/en\/contact-impressum\/","title":{"rendered":"Kapcsolat, impresszum"},"content":{"rendered":"\n<h2 class=\"wp-block-heading\">Kapcsolat, impresszum<\/h2>\n\n\n\n<p>\u00c9szrev\u00e9teleikkel <a href=\"https:\/\/epss.hun-ren.hu\/staff:Bor.Jozsef\" target=\"_blank\" rel=\"noreferrer noopener\">Dr. B\u00f3r J\u00f3zsef<\/a> kutat\u00e1svezet\u0151t kereshetik.<\/p>\n\n\n\n<p>Az oldal tartalm\u00e1t \u00f6ssze\u00e1ll\u00edtotta Dr. B\u00f3r J\u00f3zsef, k\u00f6zrem\u0171k\u00f6d\u00f6tt Dr. S\u00e1tori Gabriella, Dr. Boz\u00f3ki Tam\u00e1s \u00e9s Dr. Steinbach P\u00e9ter. Webdiz\u00e1jn: Szab\u00f3 Csongor<\/p>\n\n\n\n<p>\u00a9 <a href=\"https:\/\/epss.hun-ren.hu\/\" target=\"_blank\" rel=\"noreferrer noopener\">HUN-REN F\u00f6ldfizikai \u00e9s \u0170rtudom\u00e1nyi Kutat\u00f3int\u00e9zet<\/a><\/p>\n","protected":false},"excerpt":{"rendered":"<p>Kapcsolat, impresszum \u00c9szrev\u00e9teleikkel Dr. B\u00f3r J\u00f3zsef kutat\u00e1svezet\u0151t kereshetik. Az oldal tartalm\u00e1t \u00f6ssze\u00e1ll\u00edtotta Dr. B\u00f3r J\u00f3zsef, k\u00f6zrem\u0171k\u00f6d\u00f6tt Dr. S\u00e1tori Gabriella, Dr. Boz\u00f3ki Tam\u00e1s \u00e9s Dr. Steinbach P\u00e9ter. Webdiz\u00e1jn: Szab\u00f3 Csongor \u00a9 HUN-REN F\u00f6ldfizikai \u00e9s \u0170rtudom\u00e1nyi Kutat\u00f3int\u00e9zet<\/p>\n","protected":false},"author":1,"featured_media":0,"parent":0,"menu_order":0,"comment_status":"closed","ping_status":"closed","template":"","meta":{"footnotes":""},"class_list":["post-128","page","type-page","status-publish","hentry"],"_links":{"self":[{"href":"https:\/\/jeli.sr.epss.hu\/en\/wp-json\/wp\/v2\/pages\/128","targetHints":{"allow":["GET"]}}],"collection":[{"href":"https:\/\/jeli.sr.epss.hu\/en\/wp-json\/wp\/v2\/pages"}],"about":[{"href":"https:\/\/jeli.sr.epss.hu\/en\/wp-json\/wp\/v2\/types\/page"}],"author":[{"embeddable":true,"href":"https:\/\/jeli.sr.epss.hu\/en\/wp-json\/wp\/v2\/users\/1"}],"replies":[{"embeddable":true,"href":"https:\/\/jeli.sr.epss.hu\/en\/wp-json\/wp\/v2\/comments?post=128"}],"version-history":[{"count":6,"href":"https:\/\/jeli.sr.epss.hu\/en\/wp-json\/wp\/v2\/pages\/128\/revisions"}],"predecessor-version":[{"id":265,"href":"https:\/\/jeli.sr.epss.hu\/en\/wp-json\/wp\/v2\/pages\/128\/revisions\/265"}],"wp:attachment":[{"href":"https:\/\/jeli.sr.epss.hu\/en\/wp-json\/wp\/v2\/media?parent=128"}],"curies":[{"name":"wp","href":"https:\/\/api.w.org\/{rel}","templated":true}]}}